{"id":998,"date":"2022-08-08T05:48:21","date_gmt":"2022-08-08T05:48:21","guid":{"rendered":"https:\/\/www.skolkamexiko.cz\/?page_id=998"},"modified":"2026-04-24T12:31:34","modified_gmt":"2026-04-24T12:31:34","slug":"cenik","status":"publish","type":"page","link":"https:\/\/www.skolkamexiko.cz\/en\/detska-skupina\/cenik\/","title":{"rendered":"PRICE LIST"},"content":{"rendered":"<figure class=\"wp-block-table\">\r\n<table class=\"has-fixed-layout\">\r\n<tbody>\r\n<tr>\r\n<td><strong>Regular attendance *<\/strong><\/td>\r\n<td><strong>7.00 &#8211; 15.30 hodin<\/strong><\/td>\r\n<td><strong>7.00 &#8211; 12.00 hodin<\/strong><\/td>\r\n<\/tr>\r\n<tr>\r\n<td>Regular attendance (Mon-Fri)\u00a0\u00a0\u00a0\u00a0\u00a0\u00a0\u00a0\u00a0\u00a0\u00a0\u00a0\u00a0\u00a0\u00a0\u00a0\u00a0\u00a0\u00a0\u00a0\u00a0\u00a0\u00a0\u00a0\u00a0\u00a0<\/td>\r\n<td>4.900,-K\u010d\/m\u011bs\u00edc<\/td>\r\n<td>3.500,-K\u010d\/m\u011bs\u00edc<\/td>\r\n<\/tr>\r\n<tr>\r\n<td>Pravideln\u00e1 doch\u00e1zka jeden den v\u00a0t\u00fddnu\u00a0\u00a0\u00a0\u00a0\u00a0\u00a0\u00a0\u00a0<\/td>\r\n<td>2.100,-K\u010d\/m\u011bs\u00edc<\/td>\r\n<td>1.300,-K\u010d\/m\u011bs\u00edc<\/td>\r\n<\/tr>\r\n<tr>\r\n<td>Pravideln\u00e1 doch\u00e1zka dva dny v\u00a0t\u00fddnu\u00a0\u00a0\u00a0\u00a0\u00a0\u00a0\u00a0\u00a0\u00a0\u00a0\u00a0<\/td>\r\n<td>3.300,-K\u010d\/m\u011bs\u00edc<\/td>\r\n<td>2.300,-K\u010d\/month<\/td>\r\n<\/tr>\r\n<tr>\r\n<td>Pravideln\u00e1 doch\u00e1zka t\u0159i dny v\u00a0t\u00fddnu\u00a0\u00a0\u00a0\u00a0\u00a0\u00a0\u00a0\u00a0\u00a0\u00a0\u00a0\u00a0<\/td>\r\n<td>3.900,-K\u010d\/m\u011bs\u00edc<\/td>\r\n<td>2.600,-K\u010d\/m\u011bs\u00edc<\/td>\r\n<\/tr>\r\n<tr>\r\n<td>Pravideln\u00e1 doch\u00e1zka \u010dty\u0159i dny v\u00a0t\u00fddnu\u00a0\u00a0\u00a0\u00a0\u00a0\u00a0\u00a0\u00a0<\/td>\r\n<td>4.400,-K\u010d\/m\u011bs\u00edc<\/td>\r\n<td>3.000,-K\u010d\/m\u011bs\u00edc<\/td>\r\n<\/tr>\r\n<\/tbody>\r\n<\/table>\r\n<\/figure>\r\n\r\n\r\n\r\n<p>Concurrent sibling attendance (younger sibling) 10% discount on kindergarten fees<\/p>\r\n\r\n\r\n\r\n<h2 class=\"wp-block-heading has-text-align-left\">Food price<\/h2>\r\n\r\n\r\n\r\n<figure class=\"wp-block-table is-style-stripes\">\r\n<table>\r\n<tbody>\r\n<tr>\r\n<td>All-day meal (snack, lunch, snack and drinking regimen)<\/td>\r\n<td>\u00a0<\/td>\r\n<td>87,-K\u010d<\/td>\r\n<\/tr>\r\n<tr>\r\n<td>Half-day meal (snack, lunch and drinking regime)<\/td>\r\n<td>\u00a0<\/td>\r\n<td>70,-K\u010d<\/td>\r\n<\/tr>\r\n<tr>\r\n<td>Snack<\/td>\r\n<td>\u00a0<\/td>\r\n<td>17,-K\u010d<\/td>\r\n<\/tr>\r\n<\/tbody>\r\n<\/table>\r\n<\/figure>\r\n\r\n\r\n\r\n<p>Meals are not included in the price of the school fees.<\/p>\r\n\r\n\r\n\r\n<p class=\"has-normal-font-size\">* The tuition fee includes some clubs, visits to the salt cave and infrared sauna every year. For more information about current clubs, please contact us. Clubs with external trainers or lecturers are paid separately. Parents will receive the current schedule upon registration or at the beginning of the new school year.<\/p>\r\n\r\n\r\n\r\n<p class=\"has-normal-font-size\">The price of the kindergarten fee includes a drinking regime, child insurance, regular events according to the Care and Education Plan of the given DS, trips and outings, rewards for children, creative material, regular entry to the infrared sauna and salt cave (1-2 times a week).<\/p>\r\n\r\n\r\n\r\n<p class=\"has-normal-font-size\">School fees also include high-quality, educated teachers, caregivers, toys and didactic aids, methodical materials, hygiene supplies, the possibility of consultation with a speech therapist or the provision of professional pedagogical and psychological services.<\/p>\r\n\r\n\r\n\r\n<p style=\"font-size: 18px;\"><strong>Missed attendance in the event of illness or vacation cannot be transferred to other months or a tuition refund can be requested. School fees are paid in full even in case of illness or vacation.<\/strong><\/p>\r\n\r\n\r\n\r\n<p class=\"has-normal-font-size\">Ceny jsou platn\u00e9 pro \u0161koln\u00ed rok 2025 \u2013 2026.<\/p>\r\n\r\n\r\n\r\n<p class=\"has-normal-font-size\">Vyhrazujeme si zm\u011bnu cen v pr\u016fb\u011bhu \u0161koln\u00edho roku.<\/p>\r\n\r\n\r\n\r\n<p class=\"has-normal-font-size\">Enrollment in DS takes place throughout the year, by prior arrangement.<\/p>\r\n\r\n\r\n\r\n<p class=\"has-normal-font-size\">P\u0159i nepravideln\u00e9 doch\u00e1zce je nutn\u00e9 nahl\u00e1sit doch\u00e1zku d\u00edt\u011bte nejpozd\u011bji do 11:00 hodin p\u0159edchoz\u00edho dne, aby bylo mo\u017eno objednat stravu.<\/p>\r\n\r\n\r\n\r\n<p class=\"has-normal-font-size\">Lunch can be checked out no later than 11:00 a.m. the previous day, otherwise the lunch will be charged as consumed without entitlement.<\/p>\r\n\r\n\r\n\r\n<p class=\"has-normal-font-size\">In the case of a full-day stay, it is possible to pick up the child and bring him back again during opening hours (a prior arrangement is required).<\/p>\r\n\r\n\r\n\r\n<p class=\"has-normal-font-size\">Children with regular attendance will be given priority for capacity utilization.<\/p>\r\n\r\n\r\n\r\n<p class=\"has-normal-font-size\">School fee invoicing takes place for the upcoming period of school attendance, meal allowance invoicing for the period that has already passed.<\/p>\r\n\r\n\r\n\r\n<p class=\"has-medium-font-size\"><strong>Payments of school and board fees should always be credited to the DS account within one week of sending the invoice or no later than the 10th day of the given month. <br \/>Account number: 272380617\/0300 (indicate the name of the child and the purpose of payment in the note -&gt; e.g. school fees or meals for a specific month, can be paid as one payment). <\/strong><\/p>","protected":false},"excerpt":{"rendered":"<p>Pravideln\u00e1 doch\u00e1zka * 7.00 &#8211; 15.30 hodin 7.00 &#8211; 12.00 hodin Pravideln\u00e1 doch\u00e1zka (po-p\u00e1)\u00a0\u00a0\u00a0\u00a0\u00a0\u00a0\u00a0\u00a0\u00a0\u00a0\u00a0\u00a0\u00a0\u00a0\u00a0\u00a0\u00a0\u00a0\u00a0\u00a0\u00a0\u00a0\u00a0\u00a0\u00a0 4.900,-K\u010d\/m\u011bs\u00edc 3.500,-K\u010d\/m\u011bs\u00edc Pravideln\u00e1 doch\u00e1zka jeden den v\u00a0t\u00fddnu\u00a0\u00a0\u00a0\u00a0\u00a0\u00a0\u00a0\u00a0 2.100,-K\u010d\/m\u011bs\u00edc 1.300,-K\u010d\/m\u011bs\u00edc Pravideln\u00e1 doch\u00e1zka dva dny v\u00a0t\u00fddnu\u00a0\u00a0\u00a0\u00a0\u00a0\u00a0\u00a0\u00a0\u00a0\u00a0\u00a0 3.300,-K\u010d\/m\u011bs\u00edc 2.300,-K\u010d\/m\u011bs\u00edc Pravideln\u00e1 doch\u00e1zka t\u0159i dny v\u00a0t\u00fddnu\u00a0\u00a0\u00a0\u00a0\u00a0\u00a0\u00a0\u00a0\u00a0\u00a0\u00a0\u00a0 3.900,-K\u010d\/m\u011bs\u00edc 2.600,-K\u010d\/m\u011bs\u00edc Pravideln\u00e1 doch\u00e1zka \u010dty\u0159i dny v\u00a0t\u00fddnu\u00a0\u00a0\u00a0\u00a0\u00a0\u00a0\u00a0\u00a0 4.400,-K\u010d\/m\u011bs\u00edc 3.000,-K\u010d\/m\u011bs\u00edc Soub\u011b\u017en\u00e1 sourozeneck\u00e1 doch\u00e1zka (mlad\u0161\u00ed sourozenec) sleva 10% na \u0161kolkovn\u00e9m Cena stravy [&hellip;]<\/p>","protected":false},"author":1,"featured_media":0,"parent":983,"menu_order":2,"comment_status":"closed","ping_status":"closed","template":"","meta":{"footnotes":""},"class_list":["post-998","page","type-page","status-publish","hentry"],"_links":{"self":[{"href":"https:\/\/www.skolkamexiko.cz\/en\/wp-json\/wp\/v2\/pages\/998","targetHints":{"allow":["GET"]}}],"collection":[{"href":"https:\/\/www.skolkamexiko.cz\/en\/wp-json\/wp\/v2\/pages"}],"about":[{"href":"https:\/\/www.skolkamexiko.cz\/en\/wp-json\/wp\/v2\/types\/page"}],"author":[{"embeddable":true,"href":"https:\/\/www.skolkamexiko.cz\/en\/wp-json\/wp\/v2\/users\/1"}],"replies":[{"embeddable":true,"href":"https:\/\/www.skolkamexiko.cz\/en\/wp-json\/wp\/v2\/comments?post=998"}],"version-history":[{"count":25,"href":"https:\/\/www.skolkamexiko.cz\/en\/wp-json\/wp\/v2\/pages\/998\/revisions"}],"predecessor-version":[{"id":1665,"href":"https:\/\/www.skolkamexiko.cz\/en\/wp-json\/wp\/v2\/pages\/998\/revisions\/1665"}],"up":[{"embeddable":true,"href":"https:\/\/www.skolkamexiko.cz\/en\/wp-json\/wp\/v2\/pages\/983"}],"wp:attachment":[{"href":"https:\/\/www.skolkamexiko.cz\/en\/wp-json\/wp\/v2\/media?parent=998"}],"curies":[{"name":"wp","href":"https:\/\/api.w.org\/{rel}","templated":true}]}}